{"id":1984,"date":"2021-02-08T12:49:45","date_gmt":"2021-02-08T12:49:45","guid":{"rendered":"https:\/\/keramiklab.elitek.si\/?page_id=1984"},"modified":"2021-05-13T12:25:15","modified_gmt":"2021-05-13T12:25:15","slug":"servizi","status":"publish","type":"page","link":"https:\/\/www.keramiklab.si\/it\/servizi\/","title":{"rendered":"Servizi"},"content":{"rendered":"\t\t<div data-elementor-type=\"wp-page\" data-elementor-id=\"1984\" class=\"elementor elementor-1984\">\n\t\t\t\t\t\t<section class=\"elementor-section elementor-top-section elementor-element elementor-element-3fc0b1eb elementor-section-boxed elementor-section-height-default elementor-section-height-default\" data-id=\"3fc0b1eb\" data-element_type=\"section\">\n\t\t\t\t\t\t<div class=\"elementor-container elementor-column-gap-default\">\n\t\t\t\t\t<div class=\"elementor-column elementor-col-100 elementor-top-column elementor-element elementor-element-702fc4af\" data-id=\"702fc4af\" data-element_type=\"column\">\n\t\t\t<div class=\"elementor-widget-wrap elementor-element-populated\">\n\t\t\t\t\t\t<div class=\"elementor-element elementor-element-4b03e5ff elementor-widget-divider--view-line elementor-widget elementor-widget-divider\" data-id=\"4b03e5ff\" data-element_type=\"widget\" data-widget_type=\"divider.default\">\n\t\t\t\t<div class=\"elementor-widget-container\">\n\t\t\t\t\t<div class=\"elementor-divider\">\n\t\t\t<span class=\"elementor-divider-separator\">\n\t\t\t\t\t\t<\/span>\n\t\t<\/div>\n\t\t\t\t<\/div>\n\t\t\t\t<\/div>\n\t\t\t\t\t<\/div>\n\t\t<\/div>\n\t\t\t\t\t<\/div>\n\t\t<\/section>\n\t\t\t\t<section class=\"elementor-section elementor-top-section elementor-element elementor-element-4fb6fc97 wgl-add-background-text elementor-section-boxed elementor-section-height-default elementor-section-height-default wgl-animation-background-text\" data-id=\"4fb6fc97\" data-element_type=\"section\">\n\t\t\t\t\t\t<div class=\"elementor-container elementor-column-gap-default\">\n\t\t\t\t\t<div class=\"elementor-column elementor-col-100 elementor-top-column elementor-element elementor-element-5932a1b5\" data-id=\"5932a1b5\" data-element_type=\"column\">\n\t\t\t<div class=\"elementor-widget-wrap elementor-element-populated\">\n\t\t\t\t\t\t<div class=\"elementor-element elementor-element-5b2a8680 elementor-widget elementor-widget-spacer\" data-id=\"5b2a8680\" data-element_type=\"widget\" data-widget_type=\"spacer.default\">\n\t\t\t\t<div class=\"elementor-widget-container\">\n\t\t\t\t\t<div class=\"elementor-spacer\">\n\t\t\t<div class=\"elementor-spacer-inner\"><\/div>\n\t\t<\/div>\n\t\t\t\t<\/div>\n\t\t\t\t<\/div>\n\t\t\t\t\t<\/div>\n\t\t<\/div>\n\t\t\t\t\t<\/div>\n\t\t<\/section>\n\t\t\t\t<section class=\"elementor-section elementor-top-section elementor-element elementor-element-768afd32 elementor-section-boxed elementor-section-height-default elementor-section-height-default\" data-id=\"768afd32\" data-element_type=\"section\">\n\t\t\t\t\t\t<div class=\"elementor-container elementor-column-gap-default\">\n\t\t\t\t\t<div class=\"elementor-column elementor-col-33 elementor-top-column elementor-element elementor-element-43e19460 elementor-hidden-tablet\" data-id=\"43e19460\" data-element_type=\"column\">\n\t\t\t<div class=\"elementor-widget-wrap\">\n\t\t\t\t\t\t\t<\/div>\n\t\t<\/div>\n\t\t\t\t<div class=\"elementor-column elementor-col-33 elementor-top-column elementor-element elementor-element-673e7319\" data-id=\"673e7319\" data-element_type=\"column\">\n\t\t\t<div class=\"elementor-widget-wrap elementor-element-populated\">\n\t\t\t\t\t\t<div class=\"elementor-element elementor-element-6c1cb35 acenter elementor-widget elementor-widget-wgl-double-headings\" data-id=\"6c1cb35\" data-element_type=\"widget\" data-widget_type=\"wgl-double-headings.default\">\n\t\t\t\t<div class=\"elementor-widget-container\">\n\t\t\t<div class=\"wgl-double_heading\">                <h3 class=\"dbl-title_wrapper\"><span class=\"dbl-title dbl-title_1\">Sono disponibili tutti i tipi<\/span> <span class=\"dbl-title dbl-title_3\">di taglio su misura\n<\/span>                 <\/h3>        <\/div>\t\t<\/div>\n\t\t\t\t<\/div>\n\t\t\t\t\t<\/div>\n\t\t<\/div>\n\t\t\t\t<div class=\"elementor-column elementor-col-33 elementor-top-column elementor-element elementor-element-3b5c069d elementor-hidden-tablet\" data-id=\"3b5c069d\" data-element_type=\"column\">\n\t\t\t<div class=\"elementor-widget-wrap\">\n\t\t\t\t\t\t\t<\/div>\n\t\t<\/div>\n\t\t\t\t\t<\/div>\n\t\t<\/section>\n\t\t\t\t<section class=\"elementor-section elementor-top-section elementor-element elementor-element-21b1e4a elementor-section-boxed elementor-section-height-default elementor-section-height-default\" data-id=\"21b1e4a\" data-element_type=\"section\">\n\t\t\t\t\t\t<div class=\"elementor-container elementor-column-gap-default\">\n\t\t\t\t\t<div class=\"elementor-column elementor-col-33 elementor-top-column elementor-element elementor-element-296452ef\" data-id=\"296452ef\" data-element_type=\"column\">\n\t\t\t<div class=\"elementor-widget-wrap\">\n\t\t\t\t\t\t\t<\/div>\n\t\t<\/div>\n\t\t\t\t<div class=\"elementor-column elementor-col-33 elementor-top-column elementor-element elementor-element-42ddac3a\" data-id=\"42ddac3a\" data-element_type=\"column\">\n\t\t\t<div class=\"elementor-widget-wrap elementor-element-populated\">\n\t\t\t\t\t\t<div class=\"elementor-element elementor-element-6092e709 elementor-widget elementor-widget-spacer\" data-id=\"6092e709\" data-element_type=\"widget\" data-widget_type=\"spacer.default\">\n\t\t\t\t<div class=\"elementor-widget-container\">\n\t\t\t\t\t<div class=\"elementor-spacer\">\n\t\t\t<div class=\"elementor-spacer-inner\"><\/div>\n\t\t<\/div>\n\t\t\t\t<\/div>\n\t\t\t\t<\/div>\n\t\t\t\t<div class=\"elementor-element elementor-element-5001dd74 elementor-widget elementor-widget-text-editor\" data-id=\"5001dd74\" data-element_type=\"widget\" data-widget_type=\"text-editor.default\">\n\t\t\t\t<div class=\"elementor-widget-container\">\n\t\t\t\t\t\t\t<p style=\"text-align: center;\">Taglio su misura e posa di rivestimenti in ceramica per ambienti domestici e lavorativi. Scopri tutti i servizi offerti.<\/p>\t\t\t\t\t\t<\/div>\n\t\t\t\t<\/div>\n\t\t\t\t\t<\/div>\n\t\t<\/div>\n\t\t\t\t<div class=\"elementor-column elementor-col-33 elementor-top-column elementor-element elementor-element-28301e3d\" data-id=\"28301e3d\" data-element_type=\"column\">\n\t\t\t<div class=\"elementor-widget-wrap\">\n\t\t\t\t\t\t\t<\/div>\n\t\t<\/div>\n\t\t\t\t\t<\/div>\n\t\t<\/section>\n\t\t\t\t<section class=\"elementor-section elementor-top-section elementor-element elementor-element-210c6b15 elementor-section-boxed elementor-section-height-default elementor-section-height-default\" data-id=\"210c6b15\" data-element_type=\"section\">\n\t\t\t\t\t\t<div class=\"elementor-container elementor-column-gap-default\">\n\t\t\t\t\t<div class=\"elementor-column elementor-col-100 elementor-top-column elementor-element elementor-element-33bea528\" data-id=\"33bea528\" data-element_type=\"column\">\n\t\t\t<div class=\"elementor-widget-wrap elementor-element-populated\">\n\t\t\t\t\t\t<div class=\"elementor-element elementor-element-2f428d39 elementor-widget elementor-widget-spacer\" data-id=\"2f428d39\" data-element_type=\"widget\" data-widget_type=\"spacer.default\">\n\t\t\t\t<div class=\"elementor-widget-container\">\n\t\t\t\t\t<div class=\"elementor-spacer\">\n\t\t\t<div class=\"elementor-spacer-inner\"><\/div>\n\t\t<\/div>\n\t\t\t\t<\/div>\n\t\t\t\t<\/div>\n\t\t\t\t\t<\/div>\n\t\t<\/div>\n\t\t\t\t\t<\/div>\n\t\t<\/section>\n\t\t\t\t<section class=\"elementor-section elementor-top-section elementor-element elementor-element-46687712 elementor-section-boxed elementor-section-height-default elementor-section-height-default\" data-id=\"46687712\" data-element_type=\"section\">\n\t\t\t\t\t\t<div class=\"elementor-container elementor-column-gap-extended\">\n\t\t\t\t\t<div class=\"elementor-column elementor-col-33 elementor-top-column elementor-element elementor-element-697e7de8\" data-id=\"697e7de8\" data-element_type=\"column\">\n\t\t\t<div class=\"elementor-widget-wrap elementor-element-populated\">\n\t\t\t\t\t\t<div class=\"elementor-element elementor-element-65d112c7 elementor-hidden-tablet elementor-widget elementor-widget-image\" data-id=\"65d112c7\" data-element_type=\"widget\" data-widget_type=\"image.default\">\n\t\t\t\t<div class=\"elementor-widget-container\">\n\t\t\t\t\t\t\t\t\t\t\t\t\t<img fetchpriority=\"high\" decoding=\"async\" width=\"371\" height=\"371\" src=\"https:\/\/www.keramiklab.si\/it\/wp-content\/uploads\/2021\/01\/storitve_1.png\" class=\"attachment-full size-full wp-image-1880\" alt=\"\" srcset=\"https:\/\/www.keramiklab.si\/it\/wp-content\/uploads\/2021\/01\/storitve_1.png 371w, https:\/\/www.keramiklab.si\/it\/wp-content\/uploads\/2021\/01\/storitve_1-300x300.png 300w, https:\/\/www.keramiklab.si\/it\/wp-content\/uploads\/2021\/01\/storitve_1-150x150.png 150w, https:\/\/www.keramiklab.si\/it\/wp-content\/uploads\/2021\/01\/storitve_1-180x180.png 180w, https:\/\/www.keramiklab.si\/it\/wp-content\/uploads\/2021\/01\/storitve_1-120x120.png 120w\" sizes=\"(max-width: 371px) 100vw, 371px\" \/>\t\t\t\t\t\t\t\t\t\t\t\t\t<\/div>\n\t\t\t\t<\/div>\n\t\t\t\t\t<\/div>\n\t\t<\/div>\n\t\t\t\t<div class=\"elementor-column elementor-col-33 elementor-top-column elementor-element elementor-element-1f133b9a\" data-id=\"1f133b9a\" data-element_type=\"column\">\n\t\t\t<div class=\"elementor-widget-wrap elementor-element-populated\">\n\t\t\t\t\t\t<div class=\"elementor-element elementor-element-114f4972 wgl-hover_shift-yes elementor-widget elementor-widget-wgl-info-box\" data-id=\"114f4972\" data-element_type=\"widget\" data-widget_type=\"wgl-info-box.default\">\n\t\t\t\t<div class=\"elementor-widget-container\">\n\t\t\t<div class=\"wgl-infobox\"><div class=\"wgl-infobox_wrapper\"><div class=\"wgl-infobox-content_wrapper\"><div class=\"wgl-infobox-title_wrapper\"><h3 class=\"wgl-infobox_title\">Rivestimenti per scale e bordi per balconi<\/h3><\/div><div class=\"wgl-infobox_content\">Stopnice poudarijo in povezujejo bivalne prostore. Kot estetski element se vklju\u010dujejo v bivalni del hi\u0161e in zaokro\u017eujejo zunanji videz.\n<\/div><div class=\"wgl-infobox-button_wrapper\"><a href=\"https:\/\/www.keramiklab.si\/it\/rivestimenti-per-scale-e-bordi-per-balconi\/\" class=\"corner-attached corner-position_right wgl-infobox_button button-read-more read-more-icon icon-position-right\"><i class=\"flaticon-next\"><\/i><\/a><\/div><\/div><\/div><\/div>\t\t<\/div>\n\t\t\t\t<\/div>\n\t\t\t\t\t<\/div>\n\t\t<\/div>\n\t\t\t\t<div class=\"elementor-column elementor-col-33 elementor-top-column elementor-element elementor-element-1cd62e77\" data-id=\"1cd62e77\" data-element_type=\"column\">\n\t\t\t<div class=\"elementor-widget-wrap elementor-element-populated\">\n\t\t\t\t\t\t<div class=\"elementor-element elementor-element-6b7f980b wgl-hover_shift-yes elementor-widget elementor-widget-wgl-info-box\" data-id=\"6b7f980b\" data-element_type=\"widget\" data-widget_type=\"wgl-info-box.default\">\n\t\t\t\t<div class=\"elementor-widget-container\">\n\t\t\t<div class=\"wgl-infobox\"><div class=\"wgl-infobox_wrapper\"><div class=\"wgl-infobox-content_wrapper\"><div class=\"wgl-infobox-title_wrapper\"><h3 class=\"wgl-infobox_title\">Piani cucina e tavoli da cucina<\/h3><\/div><div class=\"wgl-infobox_content\">Cucina e sala da pranzo sono il cuore della casa, dove spendiamo la maggior parte del nostro tempo. Ceramica un materiale longevo.\n\n<\/div><div class=\"wgl-infobox-button_wrapper\"><a href=\"https:\/\/www.keramiklab.si\/it\/piani-cucina-e-tavoli-da-cucina\/\" class=\"corner-attached corner-position_right wgl-infobox_button button-read-more read-more-icon icon-position-right\"><i class=\"flaticon-next\"><\/i><\/a><\/div><\/div><\/div><\/div>\t\t<\/div>\n\t\t\t\t<\/div>\n\t\t\t\t\t<\/div>\n\t\t<\/div>\n\t\t\t\t\t<\/div>\n\t\t<\/section>\n\t\t\t\t<section class=\"elementor-section elementor-top-section elementor-element elementor-element-6a5f7706 elementor-section-boxed elementor-section-height-default elementor-section-height-default\" data-id=\"6a5f7706\" data-element_type=\"section\">\n\t\t\t\t\t\t<div class=\"elementor-container elementor-column-gap-extended\">\n\t\t\t\t\t<div class=\"elementor-column elementor-col-33 elementor-top-column elementor-element elementor-element-6a0b3708\" data-id=\"6a0b3708\" data-element_type=\"column\">\n\t\t\t<div class=\"elementor-widget-wrap elementor-element-populated\">\n\t\t\t\t\t\t<div class=\"elementor-element elementor-element-46793eb wgl-hover_shift-yes elementor-widget elementor-widget-wgl-info-box\" data-id=\"46793eb\" data-element_type=\"widget\" data-widget_type=\"wgl-info-box.default\">\n\t\t\t\t<div class=\"elementor-widget-container\">\n\t\t\t<div class=\"wgl-infobox\"><div class=\"wgl-infobox_wrapper\"><div class=\"wgl-infobox-content_wrapper\"><div class=\"wgl-infobox-title_wrapper\"><h3 class=\"wgl-infobox_title\">Elementi bagno<\/h3><\/div><div class=\"wgl-infobox_content\">Il bagno \u00e8 un\u2019oasi di pace e relax. Arredi di qualit\u00e0 e dal design rifinito assicurano un completo benessere.\n<\/div><div class=\"wgl-infobox-button_wrapper\"><a href=\"https:\/\/www.keramiklab.si\/it\/elementi-bagno\/\" class=\"corner-attached corner-position_right wgl-infobox_button button-read-more read-more-icon icon-position-right\"><i class=\"flaticon-next\"><\/i><\/a><\/div><\/div><\/div><\/div>\t\t<\/div>\n\t\t\t\t<\/div>\n\t\t\t\t\t<\/div>\n\t\t<\/div>\n\t\t\t\t<div class=\"elementor-column elementor-col-33 elementor-top-column elementor-element elementor-element-54d4c6b\" data-id=\"54d4c6b\" data-element_type=\"column\">\n\t\t\t<div class=\"elementor-widget-wrap elementor-element-populated\">\n\t\t\t\t\t\t<div class=\"elementor-element elementor-element-1c8bce8b wgl-hover_shift-yes elementor-widget elementor-widget-wgl-info-box\" data-id=\"1c8bce8b\" data-element_type=\"widget\" data-widget_type=\"wgl-info-box.default\">\n\t\t\t\t<div class=\"elementor-widget-container\">\n\t\t\t<div class=\"wgl-infobox\"><div class=\"wgl-infobox_wrapper\"><div class=\"wgl-infobox-content_wrapper\"><div class=\"wgl-infobox-title_wrapper\"><h3 class=\"wgl-infobox_title\">Taglio e sagomatura di ceramica<\/h3><\/div><div class=\"wgl-infobox_content\">Esalta la tua unicit\u00e0 e arreda la tua casa dei sogni. Soluzioni personalizzate con taglio e sagomatura di ceramica.\n\n<\/div><div class=\"wgl-infobox-button_wrapper\"><a href=\"https:\/\/www.keramiklab.si\/it\/taglio-e-sagomatura-di-ceramica\/\" class=\"corner-attached corner-position_right wgl-infobox_button button-read-more read-more-icon icon-position-right\"><i class=\"flaticon-next\"><\/i><\/a><\/div><\/div><\/div><\/div>\t\t<\/div>\n\t\t\t\t<\/div>\n\t\t\t\t\t<\/div>\n\t\t<\/div>\n\t\t\t\t<div class=\"elementor-column elementor-col-33 elementor-top-column elementor-element elementor-element-52cf4ff1\" data-id=\"52cf4ff1\" data-element_type=\"column\">\n\t\t\t<div class=\"elementor-widget-wrap elementor-element-populated\">\n\t\t\t\t\t\t<div class=\"elementor-element elementor-element-3836d961 wgl-hover_shift-yes elementor-widget elementor-widget-wgl-info-box\" data-id=\"3836d961\" data-element_type=\"widget\" data-widget_type=\"wgl-info-box.default\">\n\t\t\t\t<div class=\"elementor-widget-container\">\n\t\t\t<div class=\"wgl-infobox\"><div class=\"wgl-infobox_wrapper\"><div class=\"wgl-infobox-content_wrapper\"><div class=\"wgl-infobox-title_wrapper\"><h3 class=\"wgl-infobox_title\">Lavorazione della ceramica<\/h3><\/div><div class=\"wgl-infobox_content\">Osa con i dettagli. In base ai tuoi desideri creiamo vasi, portasapone, fioriere e altri accessori per la casa.\n<\/div><div class=\"wgl-infobox-button_wrapper\"><a href=\"https:\/\/www.keramiklab.si\/it\/lavorazione-di-ceramica\/\" class=\"corner-attached corner-position_right wgl-infobox_button button-read-more read-more-icon icon-position-right\"><i class=\"flaticon-next\"><\/i><\/a><\/div><\/div><\/div><\/div>\t\t<\/div>\n\t\t\t\t<\/div>\n\t\t\t\t\t<\/div>\n\t\t<\/div>\n\t\t\t\t\t<\/div>\n\t\t<\/section>\n\t\t\t\t<\/div>\n\t\t","protected":false},"excerpt":{"rendered":"<p>Sono disponibili tutti i tipi di taglio su misura Taglio su misura e posa di rivestimenti in ceramica per ambienti domestici e lavorativi. Scopri tutti i servizi offerti. Rivestimenti per scale e bordi per balconi Stopnice poudarijo in povezujejo bivalne prostore. Kot estetski element se vklju\u010dujejo v bivalni del hi\u0161e in zaokro\u017eujejo zunanji videz. Piani [&hellip;]<\/p>\n","protected":false},"author":1,"featured_media":0,"parent":0,"menu_order":0,"comment_status":"closed","ping_status":"closed","template":"","meta":{"footnotes":""},"yoast_head":"<!-- This site is optimized with the Yoast SEO plugin v22.8 - https:\/\/yoast.com\/wordpress\/plugins\/seo\/ -->\n<title>Servizi - Keramik Lab<\/title>\n<meta name=\"robots\" content=\"index, follow, max-snippet:-1, max-image-preview:large, max-video-preview:-1\" \/>\n<link rel=\"canonical\" href=\"https:\/\/www.keramiklab.si\/it\/servizi\/\" \/>\n<meta property=\"og:locale\" content=\"en_US\" \/>\n<meta property=\"og:type\" content=\"article\" \/>\n<meta property=\"og:title\" content=\"Servizi - Keramik Lab\" \/>\n<meta property=\"og:description\" content=\"Sono disponibili tutti i tipi di taglio su misura Taglio su misura e posa di rivestimenti in ceramica per ambienti domestici e lavorativi. Scopri tutti i servizi offerti. Rivestimenti per scale e bordi per balconi Stopnice poudarijo in povezujejo bivalne prostore. Kot estetski element se vklju\u010dujejo v bivalni del hi\u0161e in zaokro\u017eujejo zunanji videz. Piani [&hellip;]\" \/>\n<meta property=\"og:url\" content=\"https:\/\/www.keramiklab.si\/it\/servizi\/\" \/>\n<meta property=\"og:site_name\" content=\"Keramik Lab\" \/>\n<meta property=\"article:modified_time\" content=\"2021-05-13T12:25:15+00:00\" \/>\n<meta property=\"og:image\" content=\"https:\/\/www.keramiklab.si\/it\/wp-content\/uploads\/2021\/01\/storitve_1.png\" \/>\n<meta name=\"twitter:card\" content=\"summary_large_image\" \/>\n<meta name=\"twitter:label1\" content=\"Est. reading time\" \/>\n\t<meta name=\"twitter:data1\" content=\"1 minute\" \/>\n<script type=\"application\/ld+json\" class=\"yoast-schema-graph\">{\"@context\":\"https:\/\/schema.org\",\"@graph\":[{\"@type\":\"WebPage\",\"@id\":\"https:\/\/www.keramiklab.si\/it\/servizi\/\",\"url\":\"https:\/\/www.keramiklab.si\/it\/servizi\/\",\"name\":\"Servizi - Keramik Lab\",\"isPartOf\":{\"@id\":\"https:\/\/www.keramiklab.si\/it\/#website\"},\"primaryImageOfPage\":{\"@id\":\"https:\/\/www.keramiklab.si\/it\/servizi\/#primaryimage\"},\"image\":{\"@id\":\"https:\/\/www.keramiklab.si\/it\/servizi\/#primaryimage\"},\"thumbnailUrl\":\"https:\/\/www.keramiklab.si\/it\/wp-content\/uploads\/2021\/01\/storitve_1.png\",\"datePublished\":\"2021-02-08T12:49:45+00:00\",\"dateModified\":\"2021-05-13T12:25:15+00:00\",\"breadcrumb\":{\"@id\":\"https:\/\/www.keramiklab.si\/it\/servizi\/#breadcrumb\"},\"inLanguage\":\"en-US\",\"potentialAction\":[{\"@type\":\"ReadAction\",\"target\":[\"https:\/\/www.keramiklab.si\/it\/servizi\/\"]}]},{\"@type\":\"ImageObject\",\"inLanguage\":\"en-US\",\"@id\":\"https:\/\/www.keramiklab.si\/it\/servizi\/#primaryimage\",\"url\":\"https:\/\/www.keramiklab.si\/it\/wp-content\/uploads\/2021\/01\/storitve_1.png\",\"contentUrl\":\"https:\/\/www.keramiklab.si\/it\/wp-content\/uploads\/2021\/01\/storitve_1.png\",\"width\":371,\"height\":371},{\"@type\":\"BreadcrumbList\",\"@id\":\"https:\/\/www.keramiklab.si\/it\/servizi\/#breadcrumb\",\"itemListElement\":[{\"@type\":\"ListItem\",\"position\":1,\"name\":\"Home\",\"item\":\"https:\/\/www.keramiklab.si\/it\/\"},{\"@type\":\"ListItem\",\"position\":2,\"name\":\"Servizi\"}]},{\"@type\":\"WebSite\",\"@id\":\"https:\/\/www.keramiklab.si\/it\/#website\",\"url\":\"https:\/\/www.keramiklab.si\/it\/\",\"name\":\"Keramik Lab\",\"description\":\"Pestra in \u0161iroka izbira keramike za va\u0161 dom\",\"potentialAction\":[{\"@type\":\"SearchAction\",\"target\":{\"@type\":\"EntryPoint\",\"urlTemplate\":\"https:\/\/www.keramiklab.si\/it\/?s={search_term_string}\"},\"query-input\":\"required name=search_term_string\"}],\"inLanguage\":\"en-US\"}]}<\/script>\n<!-- \/ Yoast SEO plugin. -->","yoast_head_json":{"title":"Servizi - Keramik Lab","robots":{"index":"index","follow":"follow","max-snippet":"max-snippet:-1","max-image-preview":"max-image-preview:large","max-video-preview":"max-video-preview:-1"},"canonical":"https:\/\/www.keramiklab.si\/it\/servizi\/","og_locale":"en_US","og_type":"article","og_title":"Servizi - Keramik Lab","og_description":"Sono disponibili tutti i tipi di taglio su misura Taglio su misura e posa di rivestimenti in ceramica per ambienti domestici e lavorativi. Scopri tutti i servizi offerti. Rivestimenti per scale e bordi per balconi Stopnice poudarijo in povezujejo bivalne prostore. Kot estetski element se vklju\u010dujejo v bivalni del hi\u0161e in zaokro\u017eujejo zunanji videz. Piani [&hellip;]","og_url":"https:\/\/www.keramiklab.si\/it\/servizi\/","og_site_name":"Keramik Lab","article_modified_time":"2021-05-13T12:25:15+00:00","og_image":[{"url":"https:\/\/www.keramiklab.si\/it\/wp-content\/uploads\/2021\/01\/storitve_1.png"}],"twitter_card":"summary_large_image","twitter_misc":{"Est. reading time":"1 minute"},"schema":{"@context":"https:\/\/schema.org","@graph":[{"@type":"WebPage","@id":"https:\/\/www.keramiklab.si\/it\/servizi\/","url":"https:\/\/www.keramiklab.si\/it\/servizi\/","name":"Servizi - Keramik Lab","isPartOf":{"@id":"https:\/\/www.keramiklab.si\/it\/#website"},"primaryImageOfPage":{"@id":"https:\/\/www.keramiklab.si\/it\/servizi\/#primaryimage"},"image":{"@id":"https:\/\/www.keramiklab.si\/it\/servizi\/#primaryimage"},"thumbnailUrl":"https:\/\/www.keramiklab.si\/it\/wp-content\/uploads\/2021\/01\/storitve_1.png","datePublished":"2021-02-08T12:49:45+00:00","dateModified":"2021-05-13T12:25:15+00:00","breadcrumb":{"@id":"https:\/\/www.keramiklab.si\/it\/servizi\/#breadcrumb"},"inLanguage":"en-US","potentialAction":[{"@type":"ReadAction","target":["https:\/\/www.keramiklab.si\/it\/servizi\/"]}]},{"@type":"ImageObject","inLanguage":"en-US","@id":"https:\/\/www.keramiklab.si\/it\/servizi\/#primaryimage","url":"https:\/\/www.keramiklab.si\/it\/wp-content\/uploads\/2021\/01\/storitve_1.png","contentUrl":"https:\/\/www.keramiklab.si\/it\/wp-content\/uploads\/2021\/01\/storitve_1.png","width":371,"height":371},{"@type":"BreadcrumbList","@id":"https:\/\/www.keramiklab.si\/it\/servizi\/#breadcrumb","itemListElement":[{"@type":"ListItem","position":1,"name":"Home","item":"https:\/\/www.keramiklab.si\/it\/"},{"@type":"ListItem","position":2,"name":"Servizi"}]},{"@type":"WebSite","@id":"https:\/\/www.keramiklab.si\/it\/#website","url":"https:\/\/www.keramiklab.si\/it\/","name":"Keramik Lab","description":"Pestra in \u0161iroka izbira keramike za va\u0161 dom","potentialAction":[{"@type":"SearchAction","target":{"@type":"EntryPoint","urlTemplate":"https:\/\/www.keramiklab.si\/it\/?s={search_term_string}"},"query-input":"required name=search_term_string"}],"inLanguage":"en-US"}]}},"_links":{"self":[{"href":"https:\/\/www.keramiklab.si\/it\/wp-json\/wp\/v2\/pages\/1984"}],"collection":[{"href":"https:\/\/www.keramiklab.si\/it\/wp-json\/wp\/v2\/pages"}],"about":[{"href":"https:\/\/www.keramiklab.si\/it\/wp-json\/wp\/v2\/types\/page"}],"author":[{"embeddable":true,"href":"https:\/\/www.keramiklab.si\/it\/wp-json\/wp\/v2\/users\/1"}],"replies":[{"embeddable":true,"href":"https:\/\/www.keramiklab.si\/it\/wp-json\/wp\/v2\/comments?post=1984"}],"version-history":[{"count":15,"href":"https:\/\/www.keramiklab.si\/it\/wp-json\/wp\/v2\/pages\/1984\/revisions"}],"predecessor-version":[{"id":2448,"href":"https:\/\/www.keramiklab.si\/it\/wp-json\/wp\/v2\/pages\/1984\/revisions\/2448"}],"wp:attachment":[{"href":"https:\/\/www.keramiklab.si\/it\/wp-json\/wp\/v2\/media?parent=1984"}],"curies":[{"name":"wp","href":"https:\/\/api.w.org\/{rel}","templated":true}]}}